{"id":1239,"date":"2017-11-21T12:06:52","date_gmt":"2017-11-21T11:06:52","guid":{"rendered":"https:\/\/rozsapr.hu\/termek\/musical-silvester-jegyek-2017\/"},"modified":"2020-03-04T13:14:26","modified_gmt":"2020-03-04T12:14:26","slug":"tickets-fuer-musical-silvester-2019","status":"publish","type":"product","link":"https:\/\/rozsapr.hu\/de\/termek\/tickets-fuer-musical-silvester-2019\/","title":{"rendered":"TICKETS F\u00dcR MUSICAL SILVESTER  am 31. Dezember 2019"},"content":{"rendered":"<p><strong>Musical Silvester &#8211;\u00a0<\/strong><strong><b>New Year\u2019s Eve Musical Par<\/b><\/strong><strong><b>ty<\/b><\/strong><\/p>\n<p><strong>im Grand Budapest Ballsaal des Hotels Budapest Marriott<\/strong><br \/>\n<strong>am 31. Dezember 2019\u00a0<\/strong><\/p>\n<p>H\u00fcbsche T\u00e4nzer und T\u00e4nzerinnen, gl\u00e4nzende Kost\u00fcme, eine sehenswerte Revue, Stars\u00e4nger und \u2013S\u00e4ngerinnen und eine fantastische Live-Band \u2013 das Programm beginnt am Abend und dauert mit dem Tanz der G\u00e4ste bis zur Fr\u00fche. Das aufgetischte besondere\u00a0<strong><a class=\"anchor-link\" href=\"https:\/\/www.musicalszilveszter.hu\/zuhause\/#!\/galaabendessen\">Galaabendessen<\/a>\u00a0<\/strong>\u00a0besteht aus vier G\u00e4ngen, dem folgt die Men\u00fcreihe um Mitternacht.<br \/>\nDer Sekt bei der Ankunft und um Mitternacht wird von uns besorgt, die Getr\u00e4nke in der Cocktailbar sind vom Whisky bis zum Mineralwasser in der ganzen Nacht uneingeschr\u00e4nkt zu verzehren. Unsere G\u00e4ste, die im unvergleichbaren Ballsaal des F\u00fcnfsternen Hotels empfangen sind, kommen j\u00e4hrlich aus 15-25 L\u00e4ndern zu uns.<br \/>\nHinter der riesengro\u00dfen Glaswand wird durch die Donau und die flutlichtbeleuchtete Budaer Burg, die die Weltkulturerbe der UNESCO ist, die Nacht unvergesslich gemacht. Unsere Preise enthalten alle Leistungen und die Mehrwertsteuer.<\/p>\n<p><strong>Programm<\/strong>\u00a0(das sich erweitern oder \u00e4ndern kann)<\/p>\n<p><strong>Musical Silvester &#8211; <b>New Year\u2019s Eve Musical Party<\/b><\/strong><\/p>\n<p><strong>im Grand Budapest Ballsaal des Hotels Budapest Marriott<\/strong><br \/>\n<strong>am 31. Dezember 2019 in den R\u00e4umen im ersten Stock\u00a0<\/strong><br \/>\nAdresse: 1052 Budapest, Ap\u00e1czai Csere J\u00e1nos str. 4.<\/p>\n<p><img loading=\"lazy\" decoding=\"async\" class=\"alignnone wp-image-1975 size-medium\" src=\"https:\/\/rozsapr.hu\/wp-content\/uploads\/2017\/11\/Budapest-Marriott-Ballroom-2-300x202.jpg\" alt=\"\" width=\"300\" height=\"202\" srcset=\"https:\/\/rozsapr.hu\/wp-content\/uploads\/2017\/11\/Budapest-Marriott-Ballroom-2-300x202.jpg 300w, https:\/\/rozsapr.hu\/wp-content\/uploads\/2017\/11\/Budapest-Marriott-Ballroom-2.jpg 768w, https:\/\/rozsapr.hu\/wp-content\/uploads\/2017\/11\/Budapest-Marriott-Ballroom-2-600x403.jpg 600w\" sizes=\"auto, (max-width: 300px) 100vw, 300px\" \/><\/p>\n<p><strong>Tor\u00f6ffnung: 19.45 Uhr<\/strong><br \/>\n<strong>Welcome Drink<\/strong><br \/>\n<strong>Galaabendessen: 20.00 \u2013 22.30 Uhr<\/strong>\u00a0(lesen Sie die Auswahl unter dem Stichwort\u00a0<a href=\"https:\/\/www.musicalszilveszter.hu\/zuhause\/#!\/galaabendessen\"><strong>Galaabendessen<\/strong><\/a><br \/>\n<strong>Tanz: 21.30 Uhr<\/strong><br \/>\n<strong>Musical Programm: 23.00 Uhr<\/strong><br \/>\n<strong>Neujahrsansto\u00dfen<\/strong><br \/>\n<strong>Neujahrsbissen<\/strong><br \/>\n<strong>Sperrstunde: 04.00 Uhr<\/strong><br \/>\n<strong>Cocktailbar: 21.00 \u2013 04.00 Uhr jedes Getr\u00e4nk uneingeschr\u00e4nkt und unentgeltlich<br \/>\n<\/strong>(Die detailierte Aufz\u00e4hlung der Spirituosen und anderer alkoholhaltigen und alkoholfreien Getr\u00e4nke sind unter dem Stichwort Galaabendessen zu lesen)<\/p>\n<p><strong>Die Diva der Nacht: \u00c9vi S\u00c1RI.\u00a0<\/strong><strong>Unser Stargast: Kriszti\u00e1n K\u00c1ROLYI<\/strong><\/p>\n<p><img loading=\"lazy\" decoding=\"async\" class=\"alignnone wp-image-1966\" src=\"https:\/\/rozsapr.hu\/wp-content\/uploads\/2017\/11\/S\u00e1ri-\u00c9vi-2-199x300.jpg\" alt=\"\" width=\"103\" height=\"157\" \/> <img loading=\"lazy\" decoding=\"async\" class=\"alignnone wp-image-1969\" src=\"https:\/\/rozsapr.hu\/wp-content\/uploads\/2017\/11\/K\u00e1rolyi-Kriszti\u00e1n-foto-2-199x300.jpg\" alt=\"\" width=\"103\" height=\"154\" srcset=\"https:\/\/rozsapr.hu\/wp-content\/uploads\/2017\/11\/K\u00e1rolyi-Kriszti\u00e1n-foto-2-199x300.jpg 199w, https:\/\/rozsapr.hu\/wp-content\/uploads\/2017\/11\/K\u00e1rolyi-Kriszti\u00e1n-foto-2.jpg 332w\" sizes=\"auto, (max-width: 103px) 100vw, 103px\" \/><\/p>\n<p><strong>\u00c9vi S\u00e1ri<\/strong> \u2013 Es gibt ausgezeichnete S\u00e4nger\/Innen, Schauspieler\/Innen und es gibt dergleichen, in denen zum Fachwissen etwas anderes auch kommt. Die Pers\u00f6nlichkeit und Lieblichkeit von Eva S\u00e1ri bedeutet dieses Plus, das sie in der Hauptrolle vieler Musicals gro\u00df gemacht hat. Sie war die Hauptfigur von Mamma Mia, We will rock you, Schwestershow, Tanz der Vampire, Schach usw.<\/p>\n<p><strong>Kriszti\u00e1n K\u00e1rolyi<\/strong> \u2013 Es ist sehr schwer aufzuz\u00e4hlen, wie viele Rollen, davon Hauptrollen der junge Tenor Kriszti\u00e1n K\u00e1rolyi (aus Ungarn) gesungen und gespielt hat, es ist egal, ob es um Pop-, Rockmusik oder Musical geht. Er hat einen riesigen Stimmumfang, deshalb sind wir darin sicher, dass die G\u00e4ste sein Talent auch bewerten werden.<\/p>\n<p><strong>Die Tanzgruppe: Das Budapester Tanzkunststudio (BTS)<\/strong><\/p>\n<p><img loading=\"lazy\" decoding=\"async\" class=\"alignnone wp-image-1972 \" src=\"https:\/\/rozsapr.hu\/wp-content\/uploads\/2017\/11\/BTS-Dancers-photo-1-300x196.jpg\" alt=\"\" width=\"207\" height=\"143\" \/><\/p>\n<p>Es wird mit den T\u00e4nzern und T\u00e4nzerinnen des Studios seit 5 Jahren zusammen gearbeitet. Warum wird an ihnen geh\u00e4ngt? Weil das Publikum das sehenswerte Revue besonders mag und diese Tanzgruppe ist in dieser Kunstart sehr gut. (Choreograf: P\u00e9ter Bogd\u00e1n aus Ungarn).<\/p>\n<p class=\"vc_custom_heading\"><strong>Die Tanzband: ZERO Music band<\/strong><\/p>\n<p><img loading=\"lazy\" decoding=\"async\" class=\"alignnone wp-image-2211\" src=\"https:\/\/rozsapr.hu\/wp-content\/uploads\/2017\/11\/ZERO-Music-Band-2-300x269.jpg\" alt=\"\" width=\"208\" height=\"185\" \/><\/p>\n<p>Die Zero Music Band am\u00fcsiert seit Jahren ihr internationales und ungarisches Publikum mit ihrem Repertoire vom Retro bis zu modischen weltber\u00fchmten Songs.<\/p>\n<p><strong>Veranstalter des \u201cMusical Silvester &#8211; <b>New Year\u2019s Eve Musical Par<\/b><b>ty&#8221;<\/b> (Information, Ticketbestellung, Ticket\u00fcbernahme):<\/strong><br \/>\n<strong>R\u00f3zsa PR \u00dcgyn\u00f6ks\u00e9g Kft.<\/strong><br \/>\nB\u00fcro und Adresse: Ter\u00e9z krt 38. Budapest 1066<br \/>\nMobil: 00 36 30 948 9638<br \/>\nE-mail:\u00a0media@rozsapr.hu<br \/>\n<a href=\"http:\/\/www.musicalszilveszter.hu\/\">www.musicalszilveszter.hu<\/a><\/p>\n<h4><b>TICKETBESTELLUNG\u00a0<\/b><\/h4>\n<p><strong>Veranstalter des \u201cMusical Silvester\u201d &#8211; <b>New Year\u2019s Eve Musical Party <\/b><\/strong><strong>(Information, Ticketbestellung, Ticket\u00fcbernahme):<\/strong><br \/>\n<strong>R\u00f3zsa PR \u00dcgyn\u00f6ks\u00e9g Kft.<\/strong><br \/>\nB\u00fcro und Adresse: 38 Ter\u00e9z krt, Budapest 1066<br \/>\nMobil: 00 36 30 948 9638<br \/>\nE-mail:\u00a0media@rozsapr.hu<br \/>\n<a href=\"http:\/\/www.musicalszilveszter.hu\/\">www.musicalszilveszter.hu<\/a><\/p>\n<p><strong>Musical Silvester &#8211;\u00a0 <b>New Year\u2019s Eve Musical Party <\/b>am 31. Dezember 2019<\/strong><br \/>\n<strong>im Grand Budapest Ballsaal des Hotels Budapest Marriott<\/strong><br \/>\nAdresse: 1052 Budapest, Ap\u00e1czai Csere J\u00e1nos str. 4.<br \/>\n<a href=\"http:\/\/www.musicalszilveszter.hu\/\">www.musicalszilveszter.hu<\/a><\/p>\n<p><strong>Die Eintrittskarten sind zu \u00fcbernehmen, nachdem die Summe durch \u00dcberweisung eingetroffen oder in bar bezahlt worden ist. Zur \u00dcbernahme gibt es zwei M\u00f6glichkeiten.<\/strong><\/p>\n<p>1. <strong>Am Tag der Veranstaltung d.h. am 31. Dezember 2019 ab 19.30 Uhr an Ort, im ersten Stock des Hotels Budapest Marriott am Eingang des Ballsaals sind sie zu \u00fcbernehmen.<\/strong> Bitte die vom Ticketsverwerter gegebene Rechnung oder die Zur\u00fcckbest\u00e4tigung gedruckt mitzunehmen. Die originellen Rechnungen bzw. die Eintrittskarten sind an Ort von unseren Hostessen zu \u00fcbernehmen.<\/p>\n<p>2. Im B\u00fcro der R\u00f3zsa PR \u00dcgyn\u00f6ks\u00e9g (Agentur) GmbH sind sie an Werktagen <strong>14.00-18.00 Uhr am 10. Dezember 2019<\/strong> (Adresse: 1066 Budapest, Ter\u00e9z krt. 38, Mobile: 00 36 30 948 9638) zu \u00fcbernehmen.<\/p>\n<p><strong>Der Eintrittskarte berechtigt eine Person zum einmaligen Eintritt zur Veranstaltung Musical Silvester &#8211; <b>New Year\u2019s Eve Musical Party<\/b>.<\/strong> Kaufen Sie Eintrittskarten ausschlie\u00dflich bei offiziellen Kartenverk\u00e4ufern, lassen Sie nie zu, dass Ihre Karte kopiert oder auf irgendeine andere Weise reproduziert wird, denn gegen F\u00e4lscher oder Verwender von gef\u00e4lschten Karten wird ein Verfahren eingeleitet. Ersatz oder Umtausch von verlorenen, vernichteten oder besch\u00e4digten Eintrittskarten ist nicht m\u00f6glich. Der Kartenbesitzer nimmt mit Eintritt zur Veranstaltung die in dieser Information beschriebenen allgemein anzuwendenden Regeln zur Kenntnis. Jeder kann die Veranstaltung auf eigene Verantwortung besuchen. Der Veranstalter \u00fcbernimmt f\u00fcr Sch\u00e4den, die durch eventuelles unverantwortliches Verhalten der Besucher entstehen, keinerlei Haftung. An der Veranstaltung k\u00f6nnen Jugendliche unter 18 Jahren nur unter Aufsicht der Eltern oder anderer m\u00fcndiger Personen teilnehmen. Personen unter Einfluss von Alkohol oder anderen Drogen d\u00fcrfen die Veranstaltung nicht einmal im Besitz einer g\u00fcltigen Eintrittskarte besuchen und in solchen F\u00e4llen kann der Veranstalter nicht zum Schadenersatz verpflichtet werden. Der Ball\u00a0ist \u00f6ffentlich, die dort gemachten Fotos k\u00f6nnen frei, ohne vorheriges Ersuchen oder Guthei\u00dfen, unter Ausschluss personenrechtlicher oder materieller Forderungen publiziert werden. Von der Veranstaltung k\u00f6nnen Bild- und Tonaufnahmen gemacht werden, auf denen jeder Besucher \/ jede Besucherin sichtbar werden kann. Dieser\/diese kann gegen\u00fcber dem Veranstalter, den Anfertigern der Aufnahmen bzw. deren berechtigten Nutzern keinerlei Forderungen stellen. Der Veranstalter beh\u00e4lt sich das Recht auf Programm\u00e4nderung vor. Bei Ausfallen der Veranstaltung k\u00f6nnen die Eintrittskarten an der vom Veranstalter angegebenen Stelle und bis zu einer Ausschlussfrist zur\u00fcckgegeben werden. In anderen F\u00e4llen besteht keine M\u00f6glichkeit, die Karte umzutauschen oder zur\u00fcckzugeben. \u00dcber Einzelheiten einer R\u00fcckgabe k\u00f6nnen sich Besucher beim Veranstalter auf der Homepage www.musicalszilveszter.hu informieren. Besucher k\u00f6nnen gegen\u00fcber dem Veranstalter oder dem Kartenverk\u00e4ufer au\u00dfer der R\u00fcckerstattung vom Eintrittspreis keinerlei anderen Forderungen oder Schadenersatzanspr\u00fcche stellen. Der Schauplatz der Veranstaltung, das Budapest Marriott Hotel \u00fcbernimmt nur f\u00fcr diejenigen M\u00e4ntel die Verantwortung, die in der Garderobe abgegeben wurden. Wertgegenst\u00e4nde k\u00f6nnen an der Hotelrezeption, in den Safes verwahrt werden. Minderj\u00e4hrige unter 18 Jahren d\u00fcrfen die Veranstaltung nur unter Aufsicht der Eltern oder anderen Erwachsenen besuchen.<\/p>\n<p><strong>Die Cocktailbar \u00f6ffnet um 21.00 Uhr.<\/strong> Bei der Veranstaltung Musical Silvester sind die Getr\u00e4nke im Ballsaal und in der Cocktailbar w\u00e4hrend des Balls unbeschr\u00e4nkt und unentgeltlich zu verzehren.<br \/>\nDie anderen Bestellungen sind nach der Preisliste des Hotels zu bezahlen. Die Cocktailbar mit Gratisgetr\u00e4nken \u00f6ffnet um 21:00 Uhr. Bei der Veranstaltung Musical Silvester angebotenen angebotene Erfrischungsgetr\u00e4nke, Mineralw\u00e4sser, Weine, Biere sind w\u00e4hrend der ganzen Zeit des Balls unbegrenzt und ohne extra Bezahlung zu trinken. Wir ersuchen alle anderen Bestellungen der Preisliste des Hotels entsprechend zu bezahlen!<br \/>\n<strong>Der Veranstalter des Musical Silvester &#8211; <b>New Year\u2019s Eve Musical Party\u00a0<\/b> (Information) ist die R\u00f3zsa PR Agentur GmbH.<\/strong> Adresse: Ter\u00e9z krt 38, Budapest 1066<br \/>\nHandy: 00 36 30 9489 638<br \/>\nE-mail: media@rozsapr.hu<br \/>\n<a href=\"http:\/\/www.musicalszilveszter.hu\/\">www.musicalszilveszter.hu<\/a><\/p>\n","protected":false},"excerpt":{"rendered":"<p>Musical Silvester &#8211;\u00a0New Year\u2019s Eve Musical Party im Grand Budapest Ballsaal des Hotels Budapest Marriott am 31. Dezember 2019\u00a0 H\u00fcbsche T\u00e4nzer und T\u00e4nzerinnen, gl\u00e4nzende Kost\u00fcme, eine sehenswerte Revue, Stars\u00e4nger und \u2013S\u00e4ngerinnen und eine fantastische Live-Band \u2013 das Programm beginnt am Abend und dauert mit dem Tanz der G\u00e4ste bis zur Fr\u00fche. Das aufgetischte besondere\u00a0Galaabendessen\u00a0\u00a0besteht aus&hellip;<\/p>\n","protected":false},"author":1,"featured_media":1240,"template":"","meta":[],"product_cat":[63,53],"product_tag":[64,66,67],"class_list":["post-1239","product","type-product","status-publish","has-post-thumbnail","hentry","product_cat-musical-silvester","product_cat-jegy-de","product_tag-musical-silveszter","product_tag-party","product_tag-silveszter","description-off"],"yoast_head":"<!-- This site is optimized with the Yoast SEO plugin v20.4 - https:\/\/yoast.com\/wordpress\/plugins\/seo\/ -->\n<title>TICKETS F\u00dcR MUSICAL SILVESTER am 31. Dezember 2019 - R\u00f3zsa PR<\/title>\n<meta name=\"description\" content=\"Musical Silvester im Ballsaal des Hotels Budapest Marriott am 31. Dezember 2019.\" \/>\n<meta name=\"robots\" content=\"index, follow, max-snippet:-1, max-image-preview:large, max-video-preview:-1\" \/>\n<link rel=\"canonical\" href=\"https:\/\/rozsapr.hu\/?post_type=product&p=1216\" \/>\n<meta property=\"og:locale\" content=\"en_US\" \/>\n<meta property=\"og:type\" content=\"article\" \/>\n<meta property=\"og:title\" content=\"TICKETS F\u00dcR MUSICAL SILVESTER am 31. Dezember 2019 - R\u00f3zsa PR\" \/>\n<meta property=\"og:description\" content=\"Musical Silvester im Ballsaal des Hotels Budapest Marriott am 31. Dezember 2019.\" \/>\n<meta property=\"og:url\" content=\"https:\/\/rozsapr.hu\/?post_type=product&amp;p=1216\" \/>\n<meta property=\"og:site_name\" content=\"R\u00f3zsa PR\" \/>\n<meta property=\"article:modified_time\" content=\"2020-03-04T12:14:26+00:00\" \/>\n<meta property=\"og:image\" content=\"https:\/\/rozsapr.hu\/wp-content\/uploads\/2017\/10\/musicalszilveszter-normal.jpg\" \/>\n\t<meta property=\"og:image:width\" content=\"512\" \/>\n\t<meta property=\"og:image:height\" content=\"512\" \/>\n\t<meta property=\"og:image:type\" content=\"image\/jpeg\" \/>\n<meta name=\"twitter:card\" content=\"summary_large_image\" \/>\n<meta name=\"twitter:label1\" content=\"Est. reading time\" \/>\n\t<meta name=\"twitter:data1\" content=\"6 minutes\" \/>\n<script type=\"application\/ld+json\" class=\"yoast-schema-graph\">{\"@context\":\"https:\/\/schema.org\",\"@graph\":[{\"@type\":\"WebPage\",\"@id\":\"https:\/\/rozsapr.hu\/?post_type=product&p=1216\",\"url\":\"https:\/\/rozsapr.hu\/?post_type=product&p=1216\",\"name\":\"TICKETS F\u00dcR MUSICAL SILVESTER am 31. Dezember 2019 - R\u00f3zsa PR\",\"isPartOf\":{\"@id\":\"https:\/\/rozsapr.hu\/#website\"},\"datePublished\":\"2017-11-21T11:06:52+00:00\",\"dateModified\":\"2020-03-04T12:14:26+00:00\",\"description\":\"Musical Silvester im Ballsaal des Hotels Budapest Marriott am 31. Dezember 2019.\",\"breadcrumb\":{\"@id\":\"https:\/\/rozsapr.hu\/?post_type=product&p=1216#breadcrumb\"},\"inLanguage\":\"en-US\",\"potentialAction\":[{\"@type\":\"ReadAction\",\"target\":[\"https:\/\/rozsapr.hu\/?post_type=product&p=1216\"]}]},{\"@type\":\"BreadcrumbList\",\"@id\":\"https:\/\/rozsapr.hu\/?post_type=product&p=1216#breadcrumb\",\"itemListElement\":[{\"@type\":\"ListItem\",\"position\":1,\"name\":\"Home\",\"item\":\"https:\/\/rozsapr.hu\/en\/\"},{\"@type\":\"ListItem\",\"position\":2,\"name\":\"\u0422\u043e\u0432\u0430\u0440\u044b\",\"item\":\"https:\/\/rozsapr.hu\/ru\/shop\/\"},{\"@type\":\"ListItem\",\"position\":3,\"name\":\"TICKETS F\u00dcR MUSICAL SILVESTER am 31. Dezember 2019\"}]},{\"@type\":\"WebSite\",\"@id\":\"https:\/\/rozsapr.hu\/#website\",\"url\":\"https:\/\/rozsapr.hu\/\",\"name\":\"R\u00f3zsa PR\",\"description\":\"Event PR Media Press Communication\",\"publisher\":{\"@id\":\"https:\/\/rozsapr.hu\/#organization\"},\"potentialAction\":[{\"@type\":\"SearchAction\",\"target\":{\"@type\":\"EntryPoint\",\"urlTemplate\":\"https:\/\/rozsapr.hu\/?s={search_term_string}\"},\"query-input\":\"required name=search_term_string\"}],\"inLanguage\":\"en-US\"},{\"@type\":\"Organization\",\"@id\":\"https:\/\/rozsapr.hu\/#organization\",\"name\":\"R\u00f3zsa PR Kft.\",\"url\":\"https:\/\/rozsapr.hu\/\",\"logo\":{\"@type\":\"ImageObject\",\"inLanguage\":\"en-US\",\"@id\":\"https:\/\/rozsapr.hu\/#\/schema\/logo\/image\/\",\"url\":\"https:\/\/rozsapr.hu\/wp-content\/uploads\/2017\/10\/rozsa-pr-logo-S1-1.png\",\"contentUrl\":\"https:\/\/rozsapr.hu\/wp-content\/uploads\/2017\/10\/rozsa-pr-logo-S1-1.png\",\"width\":200,\"height\":56,\"caption\":\"R\u00f3zsa PR Kft.\"},\"image\":{\"@id\":\"https:\/\/rozsapr.hu\/#\/schema\/logo\/image\/\"}}]}<\/script>\n<!-- \/ Yoast SEO plugin. -->","yoast_head_json":{"title":"TICKETS F\u00dcR MUSICAL SILVESTER am 31. Dezember 2019 - R\u00f3zsa PR","description":"Musical Silvester im Ballsaal des Hotels Budapest Marriott am 31. Dezember 2019.","robots":{"index":"index","follow":"follow","max-snippet":"max-snippet:-1","max-image-preview":"max-image-preview:large","max-video-preview":"max-video-preview:-1"},"canonical":"https:\/\/rozsapr.hu\/?post_type=product&p=1216","og_locale":"en_US","og_type":"article","og_title":"TICKETS F\u00dcR MUSICAL SILVESTER am 31. Dezember 2019 - R\u00f3zsa PR","og_description":"Musical Silvester im Ballsaal des Hotels Budapest Marriott am 31. Dezember 2019.","og_url":"https:\/\/rozsapr.hu\/?post_type=product&p=1216","og_site_name":"R\u00f3zsa PR","article_modified_time":"2020-03-04T12:14:26+00:00","og_image":[{"width":512,"height":512,"url":"https:\/\/rozsapr.hu\/wp-content\/uploads\/2017\/10\/musicalszilveszter-normal.jpg","type":"image\/jpeg"}],"twitter_card":"summary_large_image","twitter_misc":{"Est. reading time":"6 minutes"},"schema":{"@context":"https:\/\/schema.org","@graph":[{"@type":"WebPage","@id":"https:\/\/rozsapr.hu\/?post_type=product&p=1216","url":"https:\/\/rozsapr.hu\/?post_type=product&p=1216","name":"TICKETS F\u00dcR MUSICAL SILVESTER am 31. Dezember 2019 - R\u00f3zsa PR","isPartOf":{"@id":"https:\/\/rozsapr.hu\/#website"},"datePublished":"2017-11-21T11:06:52+00:00","dateModified":"2020-03-04T12:14:26+00:00","description":"Musical Silvester im Ballsaal des Hotels Budapest Marriott am 31. Dezember 2019.","breadcrumb":{"@id":"https:\/\/rozsapr.hu\/?post_type=product&p=1216#breadcrumb"},"inLanguage":"en-US","potentialAction":[{"@type":"ReadAction","target":["https:\/\/rozsapr.hu\/?post_type=product&p=1216"]}]},{"@type":"BreadcrumbList","@id":"https:\/\/rozsapr.hu\/?post_type=product&p=1216#breadcrumb","itemListElement":[{"@type":"ListItem","position":1,"name":"Home","item":"https:\/\/rozsapr.hu\/en\/"},{"@type":"ListItem","position":2,"name":"\u0422\u043e\u0432\u0430\u0440\u044b","item":"https:\/\/rozsapr.hu\/ru\/shop\/"},{"@type":"ListItem","position":3,"name":"TICKETS F\u00dcR MUSICAL SILVESTER am 31. Dezember 2019"}]},{"@type":"WebSite","@id":"https:\/\/rozsapr.hu\/#website","url":"https:\/\/rozsapr.hu\/","name":"R\u00f3zsa PR","description":"Event PR Media Press Communication","publisher":{"@id":"https:\/\/rozsapr.hu\/#organization"},"potentialAction":[{"@type":"SearchAction","target":{"@type":"EntryPoint","urlTemplate":"https:\/\/rozsapr.hu\/?s={search_term_string}"},"query-input":"required name=search_term_string"}],"inLanguage":"en-US"},{"@type":"Organization","@id":"https:\/\/rozsapr.hu\/#organization","name":"R\u00f3zsa PR Kft.","url":"https:\/\/rozsapr.hu\/","logo":{"@type":"ImageObject","inLanguage":"en-US","@id":"https:\/\/rozsapr.hu\/#\/schema\/logo\/image\/","url":"https:\/\/rozsapr.hu\/wp-content\/uploads\/2017\/10\/rozsa-pr-logo-S1-1.png","contentUrl":"https:\/\/rozsapr.hu\/wp-content\/uploads\/2017\/10\/rozsa-pr-logo-S1-1.png","width":200,"height":56,"caption":"R\u00f3zsa PR Kft."},"image":{"@id":"https:\/\/rozsapr.hu\/#\/schema\/logo\/image\/"}}]}},"_links":{"self":[{"href":"https:\/\/rozsapr.hu\/en\/wp-json\/wp\/v2\/product\/1239","targetHints":{"allow":["GET"]}}],"collection":[{"href":"https:\/\/rozsapr.hu\/en\/wp-json\/wp\/v2\/product"}],"about":[{"href":"https:\/\/rozsapr.hu\/en\/wp-json\/wp\/v2\/types\/product"}],"author":[{"embeddable":true,"href":"https:\/\/rozsapr.hu\/en\/wp-json\/wp\/v2\/users\/1"}],"wp:featuredmedia":[{"embeddable":true,"href":"https:\/\/rozsapr.hu\/en\/wp-json\/wp\/v2\/media\/1240"}],"wp:attachment":[{"href":"https:\/\/rozsapr.hu\/en\/wp-json\/wp\/v2\/media?parent=1239"}],"wp:term":[{"taxonomy":"product_cat","embeddable":true,"href":"https:\/\/rozsapr.hu\/en\/wp-json\/wp\/v2\/product_cat?post=1239"},{"taxonomy":"product_tag","embeddable":true,"href":"https:\/\/rozsapr.hu\/en\/wp-json\/wp\/v2\/product_tag?post=1239"}],"curies":[{"name":"wp","href":"https:\/\/api.w.org\/{rel}","templated":true}]}}